{"id":88,"date":"2018-01-24T09:00:38","date_gmt":"2018-01-24T09:00:38","guid":{"rendered":"http:\/\/sina-diefendahl.de\/?page_id=88"},"modified":"2022-11-01T12:46:15","modified_gmt":"2022-11-01T12:46:15","slug":"startseite","status":"publish","type":"page","link":"https:\/\/sina-diefendahl.de\/","title":{"rendered":"Home"},"content":{"rendered":"<h1><span style=\"text-decoration: underline;\">Herzlich Willkommen<\/span><\/h1>\n<p><strong>Wir freuen uns, Sie auf unserer Website begr\u00fcssen zu d\u00fcrfen.<\/strong><\/p>\n<p>Sie suchen eine Wohnung, ein Haus oder ein B\u00fcro?<\/p>\n<p>Oder Sie haben eine Immobilie anzubieten?<\/p>\n<p>Dann sind Sie bei uns richtig!<\/p>\n<p>Denn hinter Sina Diefendahl \u2013 Immobilien verbirgt sich ein kompetentes, seri\u00f6ses und sehr engagiertes Immobilienb\u00fcro, welches Ihnen bei der Vermittlung von Immobilien in der Region am Niederrhein sehr engagiert zur Seite steht.<\/p>\n<p>Ob zur Miete oder zum Kauf, ob als Anlageobjekt oder um selber darin zu wohnen, ob als Wohn- oder Gesch\u00e4ftsimmobilie, wir haben f\u00fcr jeden Wunsch die passende Immobilie.<\/p>\n","protected":false},"excerpt":{"rendered":"<p>Herzlich Willkommen Wir freuen uns, Sie auf unserer Website begr\u00fcssen zu d\u00fcrfen. Sie suchen eine Wohnung, ein Haus oder ein B\u00fcro? Oder Sie haben eine Immobilie anzubieten? Dann sind Sie bei uns richtig! Denn hinter Sina Diefendahl \u2013 Immobilien verbirgt sich ein kompetentes, seri\u00f6ses und sehr engagiertes Immobilienb\u00fcro, welches Ihnen bei der Vermittlung von Immobilien [&hellip;]<\/p>\n","protected":false},"author":1,"featured_media":0,"parent":0,"menu_order":0,"comment_status":"closed","ping_status":"closed","template":"","meta":{"footnotes":""},"_links":{"self":[{"href":"https:\/\/sina-diefendahl.de\/index.php?rest_route=\/wp\/v2\/pages\/88"}],"collection":[{"href":"https:\/\/sina-diefendahl.de\/index.php?rest_route=\/wp\/v2\/pages"}],"about":[{"href":"https:\/\/sina-diefendahl.de\/index.php?rest_route=\/wp\/v2\/types\/page"}],"author":[{"embeddable":true,"href":"https:\/\/sina-diefendahl.de\/index.php?rest_route=\/wp\/v2\/users\/1"}],"replies":[{"embeddable":true,"href":"https:\/\/sina-diefendahl.de\/index.php?rest_route=%2Fwp%2Fv2%2Fcomments&post=88"}],"version-history":[{"count":16,"href":"https:\/\/sina-diefendahl.de\/index.php?rest_route=\/wp\/v2\/pages\/88\/revisions"}],"predecessor-version":[{"id":510,"href":"https:\/\/sina-diefendahl.de\/index.php?rest_route=\/wp\/v2\/pages\/88\/revisions\/510"}],"wp:attachment":[{"href":"https:\/\/sina-diefendahl.de\/index.php?rest_route=%2Fwp%2Fv2%2Fmedia&parent=88"}],"curies":[{"name":"wp","href":"https:\/\/api.w.org\/{rel}","templated":true}]}}