{"id":169,"date":"2018-01-26T09:15:42","date_gmt":"2018-01-26T09:15:42","guid":{"rendered":"http:\/\/sina-diefendahl.de\/?page_id=169"},"modified":"2018-02-14T10:48:33","modified_gmt":"2018-02-14T10:48:33","slug":"datenschutzerklaerung","status":"publish","type":"page","link":"https:\/\/sina-diefendahl.de\/?page_id=169","title":{"rendered":"Datenschutzerkl\u00e4rung"},"content":{"rendered":"<p style=\"text-align: justify;\">\nDie Betreiber dieser Seiten nehmen den Schutz Ihrer pers\u00f6nlichen Daten sehr ernst. Wir behandeln Ihre personenbezogenen Daten vertraulich und entsprechend der gesetzlichen Datenschutzvorschriften sowie dieser Datenschutzerkl\u00e4rung.<br \/>\nDie Nutzung unserer Webseite ist in der Regel ohne Angabe personenbezogener Daten m\u00f6glich. Soweit auf unseren Seiten personenbezogene Daten (beispielsweise Name, Anschrift oder E-Mail-Adressen) erhoben werden, erfolgt dies, soweit m\u00f6glich, stets auf freiwilliger Basis. Diese Daten werden ohne Ihre ausdr\u00fcckliche Zustimmung nicht an Dritte weitergegeben.<br \/>\nWir weisen darauf hin, dass die Daten\u00fcbertragung im Internet (z.B. bei der Kommunikation per E-Mail) Sicherheitsl\u00fccken aufweisen kann. Ein l\u00fcckenloser Schutz der Daten vor dem Zugriff durch Dritte ist nicht m\u00f6glich.<br \/>\nGegenstand des Datenschutzes<br \/>\nGegenstand des Datenschutzes sind personenbezogene Daten. Diese sind nach \u00a7 3 Abs. 1 BDSG Einzelangaben \u00fcber pers\u00f6nliche oder sachliche Verh\u00e4ltnisse einer bestimmten oder bestimmbaren nat\u00fcrlichen Person. Hierunter fallen z. B. Angaben wie Name, Post-Adresse, E-Mail-Adresse oder Telefonnummer, Nutzungsdaten wie Ihre IP-Adresse, Besuchte R\u00e4ume, Verweildauer in den R\u00e4umen, Anzahl der Besuche der virtuellen Tour oder Web-Seite.<\/p>\n<p style=\"text-align: justify;\">\nAllgemeiner Datenschutzhinweis<\/p>\n<p style=\"text-align: justify;\">\n(1) Wenn Sie die Pr\u00e4sentation dieser Immobilie oder virtuellem Rundgang aufrufen oder Daten von diesen Seiten herunterladen, werden hier\u00fcber Informationen von uns in einer Protokolldatei gespeichert und verarbeitet. Dieser Vorgang erfolgt anonymisiert. R\u00fcckschl\u00fcsse auf Ihre Person sind ohne Registrierung nicht m\u00f6glich.<\/p>\n<p style=\"text-align: justify;\">\n(2) Gespeichert werden: Ihre IP-Adresse, das Datum und die Uhrzeit des Seitenaufrufs, die aufgerufene Seite bzw. der Name der abgerufenen Datei, die \u00fcbertragene Datenmenge und die Meldung, ob der Zugriff\/Abruf erfolgreich war.<\/p>\n<p style=\"text-align: justify;\">\n(3) Diese Daten werden nicht zu kommerziellen Zwecken genutzt. Die Auswertung dient allein der statistischen Aufbereitung und Verbesserung unseres Internet-Angebots. Hierzu werden wir Nutzerprofile mittels eines Pseudonyms erstellen. Eine Verbindung zwischen der hinter dem Pseudonym stehenden Person mit den erhobenen Nutzungsdaten wird nicht hergestellt. Nach dieser Verwendung erfolgt die L\u00f6schung Ihrer Daten. Eine dauerhafte Speicherung ist ausgeschlossen. Sie k\u00f6nnen dieser Datenerhebung, -speicherung und\u00a0\u00a0-verarbeitung jederzeit widersprechen.<\/p>\n<p style=\"text-align: justify;\">\n(4)F\u00fcr einige Objekte ist es notwendig sich pers\u00f6nlich anzumelden bzw. sich freischalten zu lassen. F\u00fcr die Freischaltung werden personenbezogene Informationen wie Anrede, Name, Anschrift, Telefonnummer, E-Mail-Adresse und Zeitpunkt der Akzeptanz der Widerrufsbelehrung gespeichert. Nach Freischaltung und Anmeldung eines Objekts werden bei der virtuellen Besichtigung folgende Daten erhoben und gespeichert: Anzahl der Besuche des Objekts, Verweildauer und Besuch von Zimmer und Orten in einem Objekt, Zugriff auf weitere Informationen wie z.B. Audio, Video oder Textinformationen. Die Weitergabe der personenbezogenen Daten erfolgt in folgenden F\u00e4llen: Dienstleister F\u00fcr die Erf\u00fcllung bestimmter Dienstleistungen (z.B. Internetprovider, Serverbetreiber) beauftragen wir Dienstleister. Diese sind sorgf\u00e4ltig ausgew\u00e4hlt. F\u00fcr die Erf\u00fcllung der Dienstleistung sind wir darauf angewiesen, dass die Dienstleister auf Ihre Pers\u00f6nlichen Daten zugreifen. Unsere Dienstleister nutzen Ihre personenbezogenen Daten ausschlie\u00dflich f\u00fcr die Erbringung Ihrer Dienstleistungen und Verwenden Ihre Daten im Rahmen ihrer Datenschutzrechtlichen Verpflichtungen. Verk\u00e4ufer\u2013Verp\u00e4chter oder Eigent\u00fcmer einer Immobilie Im Zuge unserer Makler bzw. Vermittlungst\u00e4tigkeit teilen wir Ihre personenbezogenen Daten mit unseren Auftraggebern (Verk\u00e4ufer\u2013Verp\u00e4chter oder Eigent\u00fcmer).<\/p>\n<p style=\"text-align: justify;\">\n(5) Zur Datenerhebung und Speicherung setzen wir auch sogenannte Cookies ein. Cookies sind kleine Datenpakete, die Ihr Browser auf unsere Veranlassung in Ihrem Endger\u00e4t speichert. Dort richten sie keinen Schaden an. Sie enthalten keine Viren und erlauben uns nicht, Sie auszusp\u00e4hen. Verwendung finden dabei zwei Arten von Cookies. Tempor\u00e4re Cookies werden mit dem Schlie\u00dfen Ihres Browsers automatisch gel\u00f6scht(Session-Cookies). Dauerhafte Cookies bleiben hingegen permanent gespeichert. Diese Art von Cookies erm\u00f6glicht es, dass Sie beim Wiederaufruf nach Verlassen der Website wiedererkannt werden. Mithilfe der Cookies ist es uns m\u00f6glich, Ihr Nutzungsverhalten zu oben genannten Zwecken und in entsprechendem Umfang nachzuvollziehen. Sie sollen Ihnen au\u00dferdem ein optimiertes Surfen auf unserer Website erm\u00f6glichen. Auch diese Daten erheben wir nur in anonymisierter bzw. pseudony misierter Form. Sie k\u00f6nnen Ihren Internetbrowser so einstellen, dass unsere Cookies nicht auf Ihrem Endger\u00e4t ablegt werden k\u00f6nnen oder bereits abgelegte Cookies gel\u00f6scht werden.<br \/>\nErhebung und Speicherung von Nutzungsdaten<br \/>\nZur Optimierung unserer Webseite sammeln und speichern wir Daten wie z. B. Datum und Uhrzeit des Seitenaufrufs, die Seite, von der Sie unsere Seite aufgerufen haben, und \u00e4hnliches. Dies erfolgt anonymisiert, ohne den Benutzer der Seite pers\u00f6nlich zu identifizieren. Ggf. werden Nutzerprofile mittels eines Pseudonyms erstellt. Auch hierbei erfolgt keine Verbindung zwischen der hinter dem Pseudonym stehenden nat\u00fcrlichen Personen mit den erhobenen Nutzungsdaten zur Erhebung und Speicherung der Nutzungsdaten setzen wir auch Cookies ein. Dabei handelt es sich um kleine Textdateien, die auf Ihrem Computer gespeichert werden und zur Speicherung von statistischen Informationen wie Betriebssystem, Ihrem Internetbenutzungsprogramm(Browser), IP-Adresse der zuvor aufgerufene Webseite (Referrer-URL) und der Uhrzeit dienen. Diese Daten erheben wir ausschlie\u00dflich, zu statistischen Zwecken, um unseren Internetauftritt weiter zu optimieren und unsere Internetangebote noch attraktiver gestalten zu k\u00f6nnen. Die Erhebung und Speicherung erfolgt ausschlie\u00dflich in anonymisierter oder pseudonymisierter Form und l\u00e4sst keinen R\u00fcckschluss auf Sie als nat\u00fcrlich Person zu.<\/p>\n<p style=\"text-align: justify;\">\nZweckgebundene Datenverwendung<\/p>\n<p style=\"text-align: justify;\">\nWir beachten den Grundsatz der zweckgebundenen Daten-Verwendung und erheben, verarbeiten und speichern Ihre personenbezogenen Daten nur f\u00fcr die Zwecke, f\u00fcr die Sie sie uns mitgeteilt haben. Eine Weitergabe Ihrer pers\u00f6nlichen Daten an Dritte erfolgt ohne Ihre ausdr\u00fcckliche Einwilligung nicht, sofern dies nicht zur Erbringung der Dienstleistung oder zur Vertragsdurchf\u00fchrung notwendig ist. Auch die \u00dcbermittlung an auskunftsberechtigte staatliche Institution und Beh\u00f6rden erfolgt nur im Rahmen der gesetzlichen Auskunftspflichten oder wenn wir durch eine gerichtliche Entscheidung zur Auskunft verpflichtet werden.<\/p>\n<p style=\"text-align: justify;\">Auch den unternehmensinternen Datenschutz nehmen wir sehr ernst. Unsere Mitarbeiter und die von uns beauftragten Dienstleistungsunternehmen sind von uns zur Verschwiegenheit und zur Einhaltung der datenschutzrechtlichen Bestimmungen verpflichtet worden.<br \/>\nAuskunft-und Widerrufsrecht<br \/>\nSie erhalten jeder Zeit ohne Angabe von Gr\u00fcnden kostenfrei Auskunft \u00fcber Ihre bei uns gespeicherten Daten. Sie k\u00f6nnen jederzeit Ihre bei uns erhobenen Daten sperren, berichtigen oder l\u00f6schen lassen. Auch k\u00f6nnen Sie jederzeit die uns erteilte Einwilligung zur Datenerhebung und Verwendung ohne Angaben von Gr\u00fcnden widerrufen. Wenden Sie sich hierzu bitte an die im Impressum angegebene Kontaktadresse. Wir stehen Ihnen jederzeit gern f\u00fcr weitergehende Fragen zu unserem Hinweisen zum Datenschutz und zur Verarbeitung Ihrer pers\u00f6nlichen Daten zur Verf\u00fcgung. Beachten sie, dass sich Datenschutzbestimmungen und Handhabungen zum Datenschutz, z. B. bei Google, laufend \u00e4ndern k\u00f6nnen. Es ist daher ratsam und erforderlich, sich \u00fcber Ver\u00e4nderungen der gesetzlichen Bestimmungen und der Praxis von Unternehmen, z. B. Google, laufend zu informieren.<\/p>\n<p>&nbsp;<\/p>\n<p style=\"text-align: justify;\">Datenschutzerkl\u00e4rung\u00a0f\u00fcr die Nutzung von Facebook-Plugins (Like-Button)<\/p>\n<p style=\"text-align: justify;\">\nAuf unseren Seiten sind Plugins des sozialen Netzwerks Facebook, Anbieter Facebook Inc., 1 Hacker Way, Menlo Park, California 94025, USA, integriert. Die Facebook-Plugins erkennen Sie an dem Facebook-Logo oder dem &#8220;Like-Button&#8221; (&#8220;Gef\u00e4llt mir&#8221;) auf unserer Seite. Eine \u00dcbersicht \u00fcber die Facebook-Plugins finden Sie hier:\u00a0http:\/\/developers.facebook.com\/docs\/plugins\/.<br \/>\nWenn Sie unsere Seiten besuchen, wird \u00fcber das Plugin eine direkte Verbindung zwischen Ihrem Browser und dem Facebook-Server hergestellt. Facebook erh\u00e4lt dadurch die Information, dass Sie mit Ihrer IP-Adresse unsere Seite besucht haben. Wenn Sie den Facebook &#8220;Like-Button&#8221; anklicken w\u00e4hrend Sie in Ihrem Facebook-Account eingeloggt sind, k\u00f6nnen Sie die Inhalte unserer Seiten auf Ihrem Facebook-Profil verlinken. Dadurch kann Facebook den Besuch unserer Seiten Ihrem Benutzerkonto zuordnen. Wir weisen darauf hin, dass wir als Anbieter der Seiten keine Kenntnis vom Inhalt der \u00fcbermittelten Daten sowie deren Nutzung durch Facebook erhalten. Weitere Informationen hierzu finden Sie in der Datenschutzerkl\u00e4rung von Facebook unter\u00a0http:\/\/de-de.facebook.com\/policy.php.<br \/>\nWenn Sie nicht w\u00fcnschen, dass Facebook den Besuch unserer Seiten Ihrem Facebook- Nutzerkonto zuordnen kann, loggen Sie sich bitte aus Ihrem Facebook-Benutzerkonto aus.<\/p>\n<p>&nbsp;<\/p>\n<p style=\"text-align: justify;\">Auskunft, L\u00f6schung, Sperrung<\/p>\n<p style=\"text-align: justify;\">\nSie haben jederzeit das Recht auf unentgeltliche Auskunft \u00fcber Ihre gespeicherten personenbezogenen Daten, deren Herkunft und Empf\u00e4nger und den Zweck der Datenverarbeitung sowie ein Recht auf Berichtigung, Sperrung oder L\u00f6schung dieser Daten. Hierzu sowie zu weiteren Fragen zum Thema personenbezogene Daten k\u00f6nnen Sie sich jederzeit unter der im Impressum angegebenen Adresse an uns wenden.<\/p>\n<p>&nbsp;<\/p>\n<p style=\"text-align: justify;\">Cookies<\/p>\n<p style=\"text-align: justify;\">\nDie Internetseiten verwenden teilweise so genannte Cookies. Cookies richten auf Ihrem Rechner keinen Schaden an und enthalten keine Viren. Cookies dienen dazu, unser Angebot nutzerfreundlicher, effektiver und sicherer zu machen. Cookies sind kleine Textdateien, die auf Ihrem Rechner abgelegt werden und die Ihr Browser speichert.<br \/>\nDie meisten der von uns verwendeten Cookies sind so genannte \u201eSession-Cookies\u201c. Sie werden nach Ende Ihres Besuchs automatisch gel\u00f6scht. Andere Cookies bleiben auf Ihrem Endger\u00e4t gespeichert, bis Sie diese l\u00f6schen. Diese Cookies erm\u00f6glichen es uns, Ihren Browser beim n\u00e4chsten Besuch wiederzuerkennen.<br \/>\nSie k\u00f6nnen Ihren Browser so einstellen, dass Sie \u00fcber das Setzen von Cookies informiert werden und Cookies nur im Einzelfall erlauben, die Annahme von Cookies f\u00fcr bestimmte F\u00e4lle oder generell ausschlie\u00dfen sowie das automatische L\u00f6schen der Cookies beim Schlie\u00dfen des Browser aktivieren. Bei der Deaktivierung von Cookies kann die Funktionalit\u00e4t dieser Website eingeschr\u00e4nkt sein.<\/p>\n<p>&nbsp;<\/p>\n<p style=\"text-align: justify;\">Server-Log-Files<\/p>\n<p style=\"text-align: justify;\">\nDer Provider der Seiten erhebt und speichert automatisch Informationen in so genannten Server-Log Files, die Ihr Browser automatisch an uns \u00fcbermittelt. Dies sind:<br \/>\nBrowsertyp\/ Browserversion<br \/>\nverwendetes Betriebssystem<br \/>\nReferrer URL<br \/>\nHostname des zugreifenden Rechners<br \/>\nUhrzeit der Serveranfrage<\/p>\n<p style=\"text-align: justify;\">Diese Daten sind nicht bestimmten Personen zuordenbar. Eine Zusammenf\u00fchrung dieser Daten mit anderen Datenquellen wird nicht vorgenommen. Wir behalten uns vor, diese Daten nachtr\u00e4glich zu pr\u00fcfen, wenn uns konkrete Anhaltspunkte f\u00fcr eine rechtswidrige Nutzung bekannt werden.<\/p>\n<p>&nbsp;<\/p>\n<p style=\"text-align: justify;\">Kontaktformular<\/p>\n<p style=\"text-align: justify;\">\nWenn Sie uns per Kontaktformular Anfragen zukommen lassen, werden Ihre Angaben aus dem Anfrageformular inklusive der von Ihnen dort angegebenen Kontaktdaten zwecks Bearbeitung der Anfrage und f\u00fcr den Fall von Anschlussfragen bei uns gespeichert. Diese Daten geben wir nicht ohne Ihre Einwilligung weiter.<\/p>\n<p>&nbsp;<\/p>\n<p style=\"text-align: justify;\">Widerspruch Werbe-Mails<\/p>\n<p style=\"text-align: justify;\">\nDer Nutzung von im Rahmen der Impressumspflicht ver\u00f6ffentlichten Kontaktdaten zur \u00dcbersendung von nicht ausdr\u00fccklich angeforderter Werbung und Informationsmaterialien wird hiermit widersprochen. Die Betreiber der Seiten behalten sich ausdr\u00fccklich rechtliche Schritte im Falle der unverlangten Zusendung von Werbeinformationen, etwa durch Spam-E-Mails, vor.<\/p>\n","protected":false},"excerpt":{"rendered":"<p>Die Betreiber dieser Seiten nehmen den Schutz Ihrer pers\u00f6nlichen Daten sehr ernst. Wir behandeln Ihre personenbezogenen Daten vertraulich und entsprechend der gesetzlichen Datenschutzvorschriften sowie dieser Datenschutzerkl\u00e4rung. Die Nutzung unserer Webseite ist in der Regel ohne Angabe personenbezogener Daten m\u00f6glich. Soweit auf unseren Seiten personenbezogene Daten (beispielsweise Name, Anschrift oder E-Mail-Adressen) erhoben werden, erfolgt dies, soweit [&hellip;]<\/p>\n","protected":false},"author":1,"featured_media":0,"parent":0,"menu_order":0,"comment_status":"closed","ping_status":"closed","template":"","meta":{"footnotes":""},"_links":{"self":[{"href":"https:\/\/sina-diefendahl.de\/index.php?rest_route=\/wp\/v2\/pages\/169"}],"collection":[{"href":"https:\/\/sina-diefendahl.de\/index.php?rest_route=\/wp\/v2\/pages"}],"about":[{"href":"https:\/\/sina-diefendahl.de\/index.php?rest_route=\/wp\/v2\/types\/page"}],"author":[{"embeddable":true,"href":"https:\/\/sina-diefendahl.de\/index.php?rest_route=\/wp\/v2\/users\/1"}],"replies":[{"embeddable":true,"href":"https:\/\/sina-diefendahl.de\/index.php?rest_route=%2Fwp%2Fv2%2Fcomments&post=169"}],"version-history":[{"count":5,"href":"https:\/\/sina-diefendahl.de\/index.php?rest_route=\/wp\/v2\/pages\/169\/revisions"}],"predecessor-version":[{"id":330,"href":"https:\/\/sina-diefendahl.de\/index.php?rest_route=\/wp\/v2\/pages\/169\/revisions\/330"}],"wp:attachment":[{"href":"https:\/\/sina-diefendahl.de\/index.php?rest_route=%2Fwp%2Fv2%2Fmedia&parent=169"}],"curies":[{"name":"wp","href":"https:\/\/api.w.org\/{rel}","templated":true}]}}